{"id":2,"date":"2015-12-08T02:57:21","date_gmt":"2015-12-07T22:57:21","guid":{"rendered":"http:\/\/dialog.webclever.in.ua\/?page_id=2"},"modified":"2025-07-04T10:48:58","modified_gmt":"2025-07-04T08:48:58","slug":"about","status":"publish","type":"page","link":"https:\/\/dialog.lviv.ua\/pl\/about\/","title":{"rendered":"NGO &#8220;Europejski Dialog&#8221;"},"content":{"rendered":"<p>Organizacja pozarz\u0105dowa &#8220;Europejski Dialog&#8221; zosta\u0142a oficjalnie za\u0142o\u017cona w dniu 12 maja 1998 r.<\/p>\n<p style=\"text-align: justify;\">Pomys\u0142 stworzenia organizacji by\u0142 oparty na potrzebie wspierania inicjatyw maj\u0105cych na celu wzmocnienie tolerancji i lepszego zrozumienia proces\u00f3w integracji europejskiej, tworzenia partnerskich relacji mi\u0119dzy organizacjami spo\u0142ecze\u0144stwa obywatelskiego jak w Ukrainie, tak i za granic\u0105.<\/p>\n<h2><strong>Misja organizacji<\/strong><\/h2>\n<blockquote>\n<p style=\"text-align: justify;\">NGO &#8220;Europejski Dialog&#8221; &#8211; centrum kompetencyjne zmian systemowych na rzecz zr\u00f3wnowa\u017conego rozwoju regionalnego poprzez inicjatywy lokalne, dla budowania partnerskich relacji mi\u0119dzy wsp\u00f3lnotami, organizacjami pozarz\u0105dowymi i organami samorz\u0105du lokalnego w Ukrainie i za granic\u0105.<\/p>\n<\/blockquote>\n<h2><strong>Strategia rozwoju organizacji 2020<\/strong><\/h2>\n<p><iframe loading=\"lazy\" id=\"iframe_container\" src=\"https:\/\/prezi.com\/embed\/tpqzobb-d9or\/?bgcolor=ffffff&amp;lock_to_path=0&amp;autoplay=0&amp;autohide_ctrls=0&amp;landing_data=bHVZZmNaNDBIWnNjdEVENDRhZDFNZGNIUE1Wd3owR0dqem9MYmcrZ1pMYStkbGVUN0dyczdNSlh4K3YvREs2bU4zWT0&amp;landing_sign=G7OAFggpmfHhk_QiA1zWqDuMnpc2IyheAGLltV7x3rw\" width=\"700\" height=\"550\" frameborder=\"0\" allowfullscreen=\"allowfullscreen\"><\/iframe><\/p>\n<h2><\/h2>\n<div class=\"sc-tabs-wrap\"><ul class=\"sc-tabs\"><li class=\"active\"><a href=\"#\" data-id=\"1\">Strategic areas<\/a><\/li><li><a href=\"#\" data-id=\"2\">Organizational structure<\/a><\/li><li><a href=\"#\" data-id=\"3\">Members of the Board<\/a><\/li><li><a href=\"#\" data-id=\"4\">Our team<\/a><\/li><\/ul><ul class=\"sc-tabs-panes\"><li id=\"sc-pane-1\" class=\"active\">\n<a href=\"http:\/\/dialog.lviv.ua\/wp-content\/uploads\/2015\/12\/1-pl.png\"><img decoding=\"async\" loading=\"lazy\" class=\"alignnone wp-image-4475 \" src=\"http:\/\/dialog.lviv.ua\/wp-content\/uploads\/2015\/12\/1-pl.png\" alt=\"\" width=\"600\" height=\"583\" srcset=\"https:\/\/dialog.lviv.ua\/wp-content\/uploads\/2015\/12\/1-pl.png 947w, https:\/\/dialog.lviv.ua\/wp-content\/uploads\/2015\/12\/1-pl-300x291.png 300w, https:\/\/dialog.lviv.ua\/wp-content\/uploads\/2015\/12\/1-pl-300x291@2x.png 600w\" sizes=\"(max-width: 600px) 100vw, 600px\" \/><\/a><\/p>\n<\/li>\n<li id=\"sc-pane-2\">\n<a href=\"http:\/\/dialog.lviv.ua\/wp-content\/uploads\/2015\/12\/2-pl.png\"><img decoding=\"async\" loading=\"lazy\" class=\"alignnone wp-image-4476 \" src=\"http:\/\/dialog.lviv.ua\/wp-content\/uploads\/2015\/12\/2-pl-846x1024.png\" alt=\"\" width=\"600\" height=\"726\" srcset=\"https:\/\/dialog.lviv.ua\/wp-content\/uploads\/2015\/12\/2-pl-846x1024.png 846w, https:\/\/dialog.lviv.ua\/wp-content\/uploads\/2015\/12\/2-pl-248x300.png 248w, https:\/\/dialog.lviv.ua\/wp-content\/uploads\/2015\/12\/2-pl.png 1054w, https:\/\/dialog.lviv.ua\/wp-content\/uploads\/2015\/12\/2-pl-248x300@2x.png 496w\" sizes=\"(max-width: 600px) 100vw, 600px\" \/><\/a><br \/>\n<\/li>\n<li id=\"sc-pane-3\">\n<a href=\"http:\/\/dialog.lviv.ua\/wp-content\/uploads\/2015\/12\/3-pl.png\"><img decoding=\"async\" loading=\"lazy\" class=\"alignnone wp-image-4477 \" src=\"http:\/\/dialog.lviv.ua\/wp-content\/uploads\/2015\/12\/3-pl-821x1024.png\" alt=\"\" width=\"600\" height=\"748\" srcset=\"https:\/\/dialog.lviv.ua\/wp-content\/uploads\/2015\/12\/3-pl-821x1024.png 821w, https:\/\/dialog.lviv.ua\/wp-content\/uploads\/2015\/12\/3-pl-241x300.png 241w, https:\/\/dialog.lviv.ua\/wp-content\/uploads\/2015\/12\/3-pl.png 1031w, https:\/\/dialog.lviv.ua\/wp-content\/uploads\/2015\/12\/3-pl-241x300@2x.png 482w\" sizes=\"(max-width: 600px) 100vw, 600px\" \/><\/a><br \/>\n<\/li>\n<li id=\"sc-pane-4\">\n<a href=\"http:\/\/dialog.lviv.ua\/wp-content\/uploads\/2015\/12\/4-pl.png\"><img decoding=\"async\" loading=\"lazy\" class=\"alignnone wp-image-4478 \" src=\"http:\/\/dialog.lviv.ua\/wp-content\/uploads\/2015\/12\/4-pl-757x1024.png\" alt=\"\" width=\"600\" height=\"812\" srcset=\"https:\/\/dialog.lviv.ua\/wp-content\/uploads\/2015\/12\/4-pl-757x1024.png 757w, https:\/\/dialog.lviv.ua\/wp-content\/uploads\/2015\/12\/4-pl-222x300.png 222w, https:\/\/dialog.lviv.ua\/wp-content\/uploads\/2015\/12\/4-pl.png 1175w, https:\/\/dialog.lviv.ua\/wp-content\/uploads\/2015\/12\/4-pl-222x300@2x.png 444w\" sizes=\"(max-width: 600px) 100vw, 600px\" \/><\/a><br \/>\n<\/li><\/ul><\/div><\/p>","protected":false},"excerpt":{"rendered":"<p>Organizacja pozarz\u0105dowa &#8220;Europejski Dialog&#8221; zosta\u0142a oficjalnie za\u0142o\u017cona w dniu 12 maja 1998 r. Pomys\u0142 stworzenia organizacji by\u0142 oparty na potrzebie wspierania inicjatyw maj\u0105cych na celu wzmocnienie tolerancji i lepszego zrozumienia proces\u00f3w integracji europejskiej, tworzenia partnerskich relacji mi\u0119dzy organizacjami spo\u0142ecze\u0144stwa obywatelskiego jak w Ukrainie, tak i za granic\u0105. Misja organizacji NGO &#8220;Europejski Dialog&#8221; &#8211; centrum kompetencyjne<\/p>\n<div class=\"read-more\"><a href=\"https:\/\/dialog.lviv.ua\/pl\/about\/\" title=\"Read More\">Read More<\/a><\/div>\n","protected":false},"author":1,"featured_media":0,"parent":0,"menu_order":0,"comment_status":"open","ping_status":"open","template":"page-blocks.php","meta":[],"_links":{"self":[{"href":"https:\/\/dialog.lviv.ua\/pl\/wp-json\/wp\/v2\/pages\/2"}],"collection":[{"href":"https:\/\/dialog.lviv.ua\/pl\/wp-json\/wp\/v2\/pages"}],"about":[{"href":"https:\/\/dialog.lviv.ua\/pl\/wp-json\/wp\/v2\/types\/page"}],"author":[{"embeddable":true,"href":"https:\/\/dialog.lviv.ua\/pl\/wp-json\/wp\/v2\/users\/1"}],"replies":[{"embeddable":true,"href":"https:\/\/dialog.lviv.ua\/pl\/wp-json\/wp\/v2\/comments?post=2"}],"version-history":[{"count":46,"href":"https:\/\/dialog.lviv.ua\/pl\/wp-json\/wp\/v2\/pages\/2\/revisions"}],"predecessor-version":[{"id":8609,"href":"https:\/\/dialog.lviv.ua\/pl\/wp-json\/wp\/v2\/pages\/2\/revisions\/8609"}],"wp:attachment":[{"href":"https:\/\/dialog.lviv.ua\/pl\/wp-json\/wp\/v2\/media?parent=2"}],"curies":[{"name":"wp","href":"https:\/\/api.w.org\/{rel}","templated":true}]}}